{"id":40,"date":"2024-02-16T00:15:30","date_gmt":"2024-02-15T23:15:30","guid":{"rendered":"https:\/\/medindexgroup.com\/?page_id=40"},"modified":"2024-02-18T23:24:39","modified_gmt":"2024-02-18T22:24:39","slug":"politique-de-confidentialite","status":"publish","type":"page","link":"https:\/\/medindexgroup.com\/index.php\/politique-de-confidentialite\/","title":{"rendered":"Politique de confidentialit\u00e9"},"content":{"rendered":"\t\t<div data-elementor-type=\"wp-page\" data-elementor-id=\"40\" class=\"elementor elementor-40\" data-elementor-post-type=\"page\">\n\t\t\t\t<div class=\"elementor-element elementor-element-41ba4b8 e-flex e-con-boxed e-con e-parent\" data-id=\"41ba4b8\" data-element_type=\"container\" data-settings=\"{&quot;background_background&quot;:&quot;classic&quot;}\">\n\t\t\t\t\t<div class=\"e-con-inner\">\n\t\t\t\t<div class=\"elementor-element elementor-element-1b4cc57 elementor-widget elementor-widget-heading\" data-id=\"1b4cc57\" data-element_type=\"widget\" data-widget_type=\"heading.default\">\n\t\t\t\t<div class=\"elementor-widget-container\">\n\t\t\t\t\t<h4 class=\"elementor-heading-title elementor-size-default\">Politique de confidentialit\u00e9 et de protection des donn\u00e9es personnelles<\/h4>\t\t\t\t<\/div>\n\t\t\t\t<\/div>\n\t\t\t\t\t<\/div>\n\t\t\t\t<\/div>\n\t\t<div class=\"elementor-element elementor-element-2091ba9 e-flex e-con-boxed e-con e-parent\" data-id=\"2091ba9\" data-element_type=\"container\">\n\t\t\t\t\t<div class=\"e-con-inner\">\n\t\t\t\t<div class=\"elementor-element elementor-element-a311f59 elementor-widget elementor-widget-spacer\" data-id=\"a311f59\" data-element_type=\"widget\" data-widget_type=\"spacer.default\">\n\t\t\t\t<div class=\"elementor-widget-container\">\n\t\t\t\t\t\t\t<div class=\"elementor-spacer\">\n\t\t\t<div class=\"elementor-spacer-inner\"><\/div>\n\t\t<\/div>\n\t\t\t\t\t\t<\/div>\n\t\t\t\t<\/div>\n\t\t\t\t\t<\/div>\n\t\t\t\t<\/div>\n\t\t<div class=\"elementor-element elementor-element-4fbb6b2 e-flex e-con-boxed e-con e-parent\" data-id=\"4fbb6b2\" data-element_type=\"container\">\n\t\t\t\t\t<div class=\"e-con-inner\">\n\t\t\t\t<div class=\"elementor-element elementor-element-3b32e82 elementor-widget elementor-widget-text-editor\" data-id=\"3b32e82\" data-element_type=\"widget\" data-widget_type=\"text-editor.default\">\n\t\t\t\t<div class=\"elementor-widget-container\">\n\t\t\t\t\t\t\t\t\t<p><strong>Pr\u00e9ambule<\/strong><\/p><p>Chez Med Index Pro, nous accordons une importance primordiale \u00e0 votre vie priv\u00e9e et \u00e0 la protection de vos donn\u00e9es personnelles. Notre engagement est de veiller \u00e0 ce que votre exp\u00e9rience soit \u00e0 la fois enrichissante et s\u00e9curis\u00e9e. Cette politique de confidentialit\u00e9 a pour but de vous informer clairement sur la mani\u00e8re dont nous recueillons, utilisons, et prot\u00e9geons vos informations personnelles, ainsi que sur les droits dont vous disposez en la mati\u00e8re. Nous souhaitons vous offrir une transparence totale et vous assurer que vos donn\u00e9es sont entre de bonnes mains.<\/p><p>La pr\u00e9sente politique vise \u00e0 vous informer de nos pratiques concernant la collecte, l\u2019utilisation et le partage des informations que vous \u00eates amen\u00e9s \u00e0 nous fournir par le biais de nos applications mobiles et de notre site internet.<\/p><p>La pr\u00e9sente politique de confidentialit\u00e9 a pour but de vous informer sur les cat\u00e9gories de donn\u00e9es personnelles que nous pourrions recueillir ou d\u00e9tenir sur vous, comment nous les utilisons, quels en sont les destinataires et avec qui nous les partageons, la dur\u00e9e pendant laquelle nous les conservons et comment nous les prot\u00e9geons, enfin les droits dont vous disposez sur vos donn\u00e9es personnelles.<\/p><p>Cette politique compl\u00e8te les mentions l\u00e9gales et les Conditions G\u00e9n\u00e9rales d\u2019Utilisation consultables par les utilisateurs \u00e0 l\u2019adresse suivante :<\/p><p>\u00a0<\/p><ol><li style=\"text-align: left;\"><span style=\"color: #000000;\"><strong>NATURE DES DONNEES PERSONNELLES COLLECTEES<\/strong><\/span><\/li><\/ol><p>La collecte des donn\u00e9es personnelles se limite au strict n\u00e9cessaire (principe de minimisation des donn\u00e9es).<\/p><p>Nous collectons et utilisons uniquement les donn\u00e9es personnelles qui nous sont n\u00e9cessaires dans le cadre de notre activit\u00e9 pour vous proposer des produits et services personnalis\u00e9s et de qualit\u00e9.<\/p><p>Nous pouvons \u00eatre amen\u00e9s \u00e0 collecter diff\u00e9rentes cat\u00e9gories de donn\u00e9es personnelles aupr\u00e8s de vous, notamment :<\/p><ul><li>informations d\u2019identification et de contact (nom, pr\u00e9nom, adresse \u00e9lectronique, num\u00e9ro de t\u00e9l\u00e9phone, sexe, profession) ;<\/li><li>donn\u00e9es d\u2019identification et d\u2019authentification notamment lors de l\u2019utilisation de nos services (logs techniques, traces informatiques, informations sur la s\u00e9curit\u00e9, adresse IP) ;<\/li><li>donn\u00e9es relatives aux interactions avec nous sur nos sites Internet, sur nos applications, sur nos pages, sur les r\u00e9seaux sociaux, lors des entretiens et conversations t\u00e9l\u00e9phoniques et dans les courriers \u00e9lectroniques) ;<\/li><\/ul><p>Nous ne sommes en aucun cas amen\u00e9s \u00e0 collecter des donn\u00e9es sensibles.<\/p><p>\u00a0<\/p><ol start=\"2\"><li><strong>BUT DE LA COLLECTE<\/strong><\/li><\/ol><p>La collecte et le traitement de ces donn\u00e9es r\u00e9pond aux finalit\u00e9s suivantes :<\/p><ul><li>Cr\u00e9er et activer votre compte professionnel<\/li><li>Am\u00e9liorer le Service et l&#8217;exp\u00e9rience utilisateur<\/li><li>Respecter nos obligations l\u00e9gales et r\u00e9glementaires<\/li><\/ul><p>\u00a0<\/p><ol start=\"3\"><li><strong>DESTINATAIRES DES DONNEES<\/strong><\/li><\/ol><p>Les donn\u00e9es personnelles recueillies dans le cadre des services propos\u00e9s par Med Index ne sont pas divulgu\u00e9es \u00e0 des tiers.<\/p><p>\u00a0<\/p><ol start=\"4\"><li style=\"text-align: left;\"><strong>DELAI DE CONSERVATION DES DONNEES<\/strong><\/li><\/ol><p>Vos Donn\u00e9es ne seront pas conserv\u00e9es au-del\u00e0 de la dur\u00e9e strictement n\u00e9cessaire aux finalit\u00e9s poursuivies telles qu\u2019\u00e9nonc\u00e9es dans la pr\u00e9sente politique et ce conform\u00e9ment au R\u00e8glement et aux lois applicables.<\/p><p>Lorsque les dur\u00e9es de conservation arrivent \u00e0 leur terme, vos Donn\u00e9es sont effac\u00e9es ou anonymis\u00e9es de mani\u00e8re \u00e0 pouvoir les exploiter sans porter atteinte \u00e0 vos droits. N\u00e9anmoins, vos Donn\u00e9es pourront \u00eatre archiv\u00e9es au-del\u00e0 des dur\u00e9es pr\u00e9vues pour les besoins de la recherche, la constatation et de la poursuite des infractions p\u00e9nales dans le seul but de permettre, en tant que de besoin, la mise \u00e0 disposition de vos Donn\u00e9es \u00e0 l\u2019autorit\u00e9 judiciaire.<\/p><p>\u00a0<\/p><ol start=\"5\"><li><strong>DROITS SUR VOS DONNEES<\/strong><\/li><\/ol><p>Conform\u00e9ment \u00e0 la r\u00e9glementation applicable, vous disposez de diff\u00e9rents droits, \u00e0 savoir :<\/p><ul><li>Droit d\u2019acc\u00e8s : vous pouvez obtenir des informations concernant le traitement de vos donn\u00e9es personnelles ainsi qu\u2019une copie de ces donn\u00e9es personnelles.<\/li><li>Droit de rectification : si vous estimez que vos donn\u00e9es personnelles sont inexactes ou incompl\u00e8tes, vous pouvez exiger que ces donn\u00e9es personnelles soient modifi\u00e9es en cons\u00e9quence.<\/li><li>Droit \u00e0 l\u2019effacement : vous pouvez exiger l\u2019effacement de vos donn\u00e9es personnelles dans la limite de ce qui est permis par la r\u00e9glementation.<\/li><li>Droit \u00e0 la limitation du traitement : vous pouvez demander la limitation de traitement de vos donn\u00e9es personnelles.<\/li><li>Droit d\u2019opposition : vous pouvez vous opposer au traitement de vos donn\u00e9es personnelles, pour des motifs li\u00e9s \u00e0 votre situation particuli\u00e8re. Vous disposez du droit absolu de vous opposer au traitement de vos donn\u00e9es personnelles \u00e0 des fins de prospection commerciale, y compris le profilage li\u00e9 \u00e0 cette prospection.<\/li><li>Droit \u00e0 la portabilit\u00e9 de vos donn\u00e9es, quand ce droit est applicable, vous avez le droit que les donn\u00e9es personnelles que vous nous avez fournies vous soient rendues ou, lorsque cela est possible, techniquement, de les transf\u00e9rer \u00e0 un tiers ;<\/li><li>Droit de d\u00e9finir des directives relatives \u00e0 la conservation, l\u2019effacement ou la communication de vos donn\u00e9es personnelles, applicables apr\u00e8s votre d\u00e9c\u00e8s.<\/li><\/ul><ul><li>Droit de retirer votre consentement : si vous avez donn\u00e9 votre consentement au traitement de vos donn\u00e9es personnelles, vous avez le droit de retirer votre consentement \u00e0 tout moment.<\/li><\/ul><p>Pour exercer ces droits, vous pouvez nous contacter \u00e0 l\u2019adresse suivante : support@medindexgroup.com.<\/p><p>Notez que nous pouvons exiger un justificatif de votre identit\u00e9 pour l\u2019exercice de ces droits.<\/p><p>\u00a0<\/p><ol start=\"6\"><li style=\"text-align: left;\"><strong>CONDITIONS DE MODIFICATION DE LA POLITIQUE DE CONFIDENTIALIT\u00c9<\/strong><\/li><\/ol><p>Cette Politique peut \u00eatre modifi\u00e9e, compl\u00e9t\u00e9e ou mise \u00e0 jour afin notamment de se conformer \u00e0 toutes \u00e9volutions l\u00e9gales, r\u00e9glementaires, jurisprudentielles ou techniques. Cependant, les Donn\u00e9es Personnelles de l\u2019Utilisateur seront toujours trait\u00e9es conform\u00e9ment \u00e0 la Politique en vigueur au moment de leur collecte, sauf si une prescription l\u00e9gale imp\u00e9rative venait \u00e0 en disposer autrement et serait d&#8217;application r\u00e9troactive.<\/p><p>\u00a0<\/p><ol start=\"7\"><li><strong>NOUS CONTACTER<\/strong><\/li><\/ol><p>Pour toute question relative \u00e0 la pr\u00e9sente politique ou pour toute demande relative \u00e0 vos Donn\u00e9es, vous pouvez nous contacter en adressant un courriel \u00e0 l\u2019adresse suivante : support@medindexgroup.com.<\/p>\t\t\t\t\t\t\t\t<\/div>\n\t\t\t\t<\/div>\n\t\t\t\t\t<\/div>\n\t\t\t\t<\/div>\n\t\t\t\t<\/div>\n\t\t","protected":false},"excerpt":{"rendered":"<p>Politique de confidentialit\u00e9 et de protection des donn\u00e9es personnelles Pr\u00e9ambule Chez Med Index Pro, nous accordons une importance primordiale \u00e0 votre vie priv\u00e9e et \u00e0 la protection de vos donn\u00e9es personnelles. Notre engagement est de veiller \u00e0 ce que votre exp\u00e9rience soit \u00e0 la fois enrichissante et s\u00e9curis\u00e9e. Cette politique de confidentialit\u00e9 a pour but [&hellip;]<\/p>\n","protected":false},"author":1,"featured_media":0,"parent":0,"menu_order":0,"comment_status":"closed","ping_status":"closed","template":"","meta":{"footnotes":""},"class_list":["post-40","page","type-page","status-publish","hentry"],"_links":{"self":[{"href":"https:\/\/medindexgroup.com\/index.php\/wp-json\/wp\/v2\/pages\/40","targetHints":{"allow":["GET"]}}],"collection":[{"href":"https:\/\/medindexgroup.com\/index.php\/wp-json\/wp\/v2\/pages"}],"about":[{"href":"https:\/\/medindexgroup.com\/index.php\/wp-json\/wp\/v2\/types\/page"}],"author":[{"embeddable":true,"href":"https:\/\/medindexgroup.com\/index.php\/wp-json\/wp\/v2\/users\/1"}],"replies":[{"embeddable":true,"href":"https:\/\/medindexgroup.com\/index.php\/wp-json\/wp\/v2\/comments?post=40"}],"version-history":[{"count":10,"href":"https:\/\/medindexgroup.com\/index.php\/wp-json\/wp\/v2\/pages\/40\/revisions"}],"predecessor-version":[{"id":258,"href":"https:\/\/medindexgroup.com\/index.php\/wp-json\/wp\/v2\/pages\/40\/revisions\/258"}],"wp:attachment":[{"href":"https:\/\/medindexgroup.com\/index.php\/wp-json\/wp\/v2\/media?parent=40"}],"curies":[{"name":"wp","href":"https:\/\/api.w.org\/{rel}","templated":true}]}}