{"id":28,"date":"2024-02-15T14:08:41","date_gmt":"2024-02-15T13:08:41","guid":{"rendered":"https:\/\/medindexgroup.com\/?page_id=28"},"modified":"2024-03-02T10:38:27","modified_gmt":"2024-03-02T09:38:27","slug":"a-propos-de-nous","status":"publish","type":"page","link":"https:\/\/medindexgroup.com\/index.php\/a-propos-de-nous\/","title":{"rendered":"A propos"},"content":{"rendered":"\t\t<div data-elementor-type=\"wp-page\" data-elementor-id=\"28\" class=\"elementor elementor-28\" data-elementor-post-type=\"page\">\n\t\t\t\t<div class=\"elementor-element elementor-element-4baab27e e-flex e-con-boxed e-con e-parent\" data-id=\"4baab27e\" data-element_type=\"container\" data-settings=\"{&quot;background_background&quot;:&quot;classic&quot;}\">\n\t\t\t\t\t<div class=\"e-con-inner\">\n\t\t\t\t<div class=\"elementor-element elementor-element-7ea1e7fe elementor-widget elementor-widget-heading\" data-id=\"7ea1e7fe\" data-element_type=\"widget\" data-widget_type=\"heading.default\">\n\t\t\t\t<div class=\"elementor-widget-container\">\n\t\t\t\t\t<h4 class=\"elementor-heading-title elementor-size-default\">A Propos<\/h4>\t\t\t\t<\/div>\n\t\t\t\t<\/div>\n\t\t\t\t\t<\/div>\n\t\t\t\t<\/div>\n\t\t<div class=\"elementor-element elementor-element-a67643e e-flex e-con-boxed e-con e-parent\" data-id=\"a67643e\" data-element_type=\"container\">\n\t\t\t\t\t<div class=\"e-con-inner\">\n\t\t\t\t<div class=\"elementor-element elementor-element-1144d69 elementor-widget elementor-widget-spacer\" data-id=\"1144d69\" data-element_type=\"widget\" data-widget_type=\"spacer.default\">\n\t\t\t\t<div class=\"elementor-widget-container\">\n\t\t\t\t\t\t\t<div class=\"elementor-spacer\">\n\t\t\t<div class=\"elementor-spacer-inner\"><\/div>\n\t\t<\/div>\n\t\t\t\t\t\t<\/div>\n\t\t\t\t<\/div>\n\t\t\t\t\t<\/div>\n\t\t\t\t<\/div>\n\t\t<div class=\"elementor-element elementor-element-bdd5b7a e-flex e-con-boxed e-con e-parent\" data-id=\"bdd5b7a\" data-element_type=\"container\">\n\t\t\t\t\t<div class=\"e-con-inner\">\n\t\t<div class=\"elementor-element elementor-element-3d578e7 e-con-full e-flex e-con e-child\" data-id=\"3d578e7\" data-element_type=\"container\">\n\t\t\t\t<div class=\"elementor-element elementor-element-3a7d308 elementor-widget elementor-widget-heading\" data-id=\"3a7d308\" data-element_type=\"widget\" data-widget_type=\"heading.default\">\n\t\t\t\t<div class=\"elementor-widget-container\">\n\t\t\t\t\t<h5 class=\"elementor-heading-title elementor-size-default\">Histoire et vision<\/h5>\t\t\t\t<\/div>\n\t\t\t\t<\/div>\n\t\t\t\t<\/div>\n\t\t<div class=\"elementor-element elementor-element-8f2fd14 e-con-full e-flex e-con e-child\" data-id=\"8f2fd14\" data-element_type=\"container\">\n\t\t\t\t<div class=\"elementor-element elementor-element-fe2c771 elementor-widget elementor-widget-text-editor\" data-id=\"fe2c771\" data-element_type=\"widget\" data-widget_type=\"text-editor.default\">\n\t\t\t\t<div class=\"elementor-widget-container\">\n\t\t\t\t\t\t\t\t\t<p>L&#8217;histoire de Med Index Pro est celle d&#8217;une qu\u00eate pour d\u00e9mocratiser l&#8217;acc\u00e8s \u00e0 des informations m\u00e9dicales de qualit\u00e9 au Cameroun. N\u00e9e d&#8217;une observation en 2014 sur les d\u00e9fis rencontr\u00e9s par les professionnels de sant\u00e9 pour acc\u00e9der \u00e0 des donn\u00e9es fiables, notre \u00e9quipe a travaill\u00e9 sans rel\u00e2che pour apporter une solution. En 2016, cette vision est devenue r\u00e9alit\u00e9 avec le lancement de Med Index, une application d\u00e9di\u00e9e \u00e0 am\u00e9liorer la pratique quotidienne des professionnels de sant\u00e9. En facilitant la prescription m\u00e9dicale \u00e0 travers des informations pr\u00e9cises et contextuelles, nous visons \u00e0 optimiser les soins apport\u00e9s aux patients.<\/p><p>Mais notre ambition va au-del\u00e0 du cercle professionnel. Med Index Pro s&#8217;adresse \u00e9galement au grand public, offrant des renseignements essentiels sur les prix des m\u00e9dicaments et des examens, les pharmacies de garde, et les laboratoires d&#8217;analyses. Cette transparence permet \u00e0 chacun de g\u00e9rer sa sant\u00e9 plus efficacement, avec une meilleure pr\u00e9paration aux d\u00e9penses m\u00e9dicales.<\/p><p>Chez Med Index, nous croyons en un acc\u00e8s \u00e9quitable \u00e0 l&#8217;information sant\u00e9 pour tous, contribuant ainsi \u00e0 une soci\u00e9t\u00e9 mieux inform\u00e9e et plus saine. Notre parcours, marqu\u00e9 par l&#8217;innovation et l&#8217;engagement, continue de s&#8217;\u00e9crire avec et pour la communaut\u00e9.<\/p>\t\t\t\t\t\t\t\t<\/div>\n\t\t\t\t<\/div>\n\t\t\t\t<\/div>\n\t\t<div class=\"elementor-element elementor-element-8922317 e-con-full e-flex e-con e-child\" data-id=\"8922317\" data-element_type=\"container\">\n\t\t\t\t<div class=\"elementor-element elementor-element-64ae7d3 elementor-widget elementor-widget-image\" data-id=\"64ae7d3\" data-element_type=\"widget\" data-widget_type=\"image.default\">\n\t\t\t\t<div class=\"elementor-widget-container\">\n\t\t\t\t\t\t\t\t\t\t\t\t\t\t\t<img fetchpriority=\"high\" decoding=\"async\" width=\"1536\" height=\"1024\" src=\"https:\/\/medindexgroup.com\/wp-content\/uploads\/2024\/02\/cropped-of-african-doctor-using-digital-tablet-E4Z2AZR-1536x1024.jpg\" class=\"attachment-1536x1536 size-1536x1536 wp-image-68\" alt=\"\" srcset=\"https:\/\/medindexgroup.com\/wp-content\/uploads\/2024\/02\/cropped-of-african-doctor-using-digital-tablet-E4Z2AZR-1536x1024.jpg 1536w, https:\/\/medindexgroup.com\/wp-content\/uploads\/2024\/02\/cropped-of-african-doctor-using-digital-tablet-E4Z2AZR-300x200.jpg 300w, https:\/\/medindexgroup.com\/wp-content\/uploads\/2024\/02\/cropped-of-african-doctor-using-digital-tablet-E4Z2AZR-1024x683.jpg 1024w, https:\/\/medindexgroup.com\/wp-content\/uploads\/2024\/02\/cropped-of-african-doctor-using-digital-tablet-E4Z2AZR-768x512.jpg 768w\" sizes=\"(max-width: 1536px) 100vw, 1536px\" \/>\t\t\t\t\t\t\t\t\t\t\t\t\t\t\t<\/div>\n\t\t\t\t<\/div>\n\t\t\t\t<\/div>\n\t\t\t\t\t<\/div>\n\t\t\t\t<\/div>\n\t\t\t\t<\/div>\n\t\t","protected":false},"excerpt":{"rendered":"<p>A Propos Histoire et vision L&#8217;histoire de Med Index Pro est celle d&#8217;une qu\u00eate pour d\u00e9mocratiser l&#8217;acc\u00e8s \u00e0 des informations m\u00e9dicales de qualit\u00e9 au Cameroun. N\u00e9e d&#8217;une observation en 2014 sur les d\u00e9fis rencontr\u00e9s par les professionnels de sant\u00e9 pour acc\u00e9der \u00e0 des donn\u00e9es fiables, notre \u00e9quipe a travaill\u00e9 sans rel\u00e2che pour apporter une solution. [&hellip;]<\/p>\n","protected":false},"author":1,"featured_media":0,"parent":0,"menu_order":0,"comment_status":"closed","ping_status":"closed","template":"","meta":{"footnotes":""},"class_list":["post-28","page","type-page","status-publish","hentry"],"_links":{"self":[{"href":"https:\/\/medindexgroup.com\/index.php\/wp-json\/wp\/v2\/pages\/28","targetHints":{"allow":["GET"]}}],"collection":[{"href":"https:\/\/medindexgroup.com\/index.php\/wp-json\/wp\/v2\/pages"}],"about":[{"href":"https:\/\/medindexgroup.com\/index.php\/wp-json\/wp\/v2\/types\/page"}],"author":[{"embeddable":true,"href":"https:\/\/medindexgroup.com\/index.php\/wp-json\/wp\/v2\/users\/1"}],"replies":[{"embeddable":true,"href":"https:\/\/medindexgroup.com\/index.php\/wp-json\/wp\/v2\/comments?post=28"}],"version-history":[{"count":14,"href":"https:\/\/medindexgroup.com\/index.php\/wp-json\/wp\/v2\/pages\/28\/revisions"}],"predecessor-version":[{"id":380,"href":"https:\/\/medindexgroup.com\/index.php\/wp-json\/wp\/v2\/pages\/28\/revisions\/380"}],"wp:attachment":[{"href":"https:\/\/medindexgroup.com\/index.php\/wp-json\/wp\/v2\/media?parent=28"}],"curies":[{"name":"wp","href":"https:\/\/api.w.org\/{rel}","templated":true}]}}